{"id":28646,"date":"2025-05-12T09:15:08","date_gmt":"2025-05-12T12:15:08","guid":{"rendered":"https:\/\/www.lojanoss.com.br\/produto\/cartas-de-maria-envio-gratis-%e2%9a%a1%ef%b8%8f-2\/"},"modified":"2025-05-12T09:15:08","modified_gmt":"2025-05-12T12:15:08","slug":"cartas-de-maria-envio-gratis-%e2%9a%a1%ef%b8%8f-2","status":"publish","type":"product","link":"https:\/\/www.lojanoss.com.br\/es\/produto\/cartas-de-maria-envio-gratis-%e2%9a%a1%ef%b8%8f-2\/","title":{"rendered":"CARTAS DE MAR\u00cdA &#8211; ENV\u00cdO GRATIS \u26a1\ufe0f"},"content":{"rendered":"","protected":false},"excerpt":{"rendered":"<p>Un viaje que cambiar\u00e1 su coraz\u00f3n. Un encuentro que transformar\u00e1 su vida. \u00ab30 D\u00edas con Mar\u00eda\u00bb no es solo un libro. Es una llamada.   <\/p>\n<p>Durante treinta y un encuentros profundos, ser\u00e1 guiado a trav\u00e9s de cartas escritas, en una experiencia \u00fanica de intimidad con la Madre de Dios. Cada d\u00eda trae una reflexi\u00f3n intensa, historias inspiradoras de santos, desaf\u00edos pr\u00e1cticos de fe e invitaciones personales para vivir una verdadera conversi\u00f3n de vida. Con temas que van desde el silencio de Mar\u00eda hasta su presencia en la Eucarist\u00eda, desde su fortaleza contra las tentaciones hasta su victoria en la cruz, cada p\u00e1gina enciende en el coraz\u00f3n del lector la certeza de que amar a Mar\u00eda es el camino m\u00e1s seguro, r\u00e1pido y dulce para llegar a Jes\u00fas.  <\/p>\n<p>Inspirado por la devoci\u00f3n de santos como San Juan Pablo II, Santa Teresa de Calcuta, San Maximiliano Kolbe y tantos otros, 30 D\u00edas con Mar\u00eda es una gu\u00eda espiritual para quienes desean m\u00e1s que rezar: desean pertenecer enteramente a Ella.<\/p>\n<p>Si ya ama a Nuestra Se\u00f1ora, este libro profundizar\u00e1 su amor. Si a\u00fan no la conoce, descubrir\u00e1 a una Madre que nunca abandona a sus hijos. Y si siente el coraz\u00f3n cansado, perdido o distra\u00eddo, Mar\u00eda \u2014a trav\u00e9s de estas p\u00e1ginas\u2014 vendr\u00e1 a su encuentro.  <\/p>\n<p>Acepte esta invitaci\u00f3n, camine treinta d\u00edas con Mar\u00eda y viva el resto de la vida con Ella.<\/p>\n<ul>\n<li>Dise\u00f1os patentados y \u00fanicos;<\/li>\n<li>Origen nacional.<\/li>\n<\/ul>\n<p>\u00a1EVANGELIZACI\u00d3N A TRAV\u00c9S DEL ARTE!<\/p>\n","protected":false},"featured_media":23485,"comment_status":"closed","ping_status":"closed","template":"","meta":{"_acf_changed":false,"_joinchat":[]},"product_brand":[],"product_cat":[363],"product_tag":[],"class_list":{"0":"post-28646","1":"product","2":"type-product","3":"status-publish","4":"has-post-thumbnail","6":"product_cat-libro-cartas-de-maria","8":"first","9":"instock","10":"shipping-taxable","11":"purchasable","12":"product-type-simple"},"acf":[],"yoast_head":"<!-- This site is optimized with the Yoast SEO plugin v27.3 - https:\/\/yoast.com\/product\/yoast-seo-wordpress\/ -->\n<title>CARTAS DE MAR\u00cdA - ENV\u00cdO GRATIS \u26a1\ufe0f - Loja N\u00f3ss<\/title>\n<meta name=\"robots\" content=\"index, follow, max-snippet:-1, max-image-preview:large, max-video-preview:-1\" \/>\n<link rel=\"canonical\" href=\"https:\/\/www.lojanoss.com.br\/es\/produto\/cartas-de-maria-envio-gratis-\u26a1\ufe0f-2\/\" \/>\n<meta property=\"og:locale\" content=\"es_ES\" \/>\n<meta property=\"og:type\" content=\"article\" \/>\n<meta property=\"og:title\" content=\"CARTAS DE MAR\u00cdA - ENV\u00cdO GRATIS \u26a1\ufe0f - Loja N\u00f3ss\" \/>\n<meta property=\"og:description\" content=\"Un viaje que cambiar\u00e1 su coraz\u00f3n. Un encuentro que transformar\u00e1 su vida. &quot;30 D\u00edas con Mar\u00eda&quot; no es solo un libro. Es una llamada.   Durante treinta y un encuentros profundos, ser\u00e1 guiado a trav\u00e9s de cartas escritas, en una experiencia \u00fanica de intimidad con la Madre de Dios. Cada d\u00eda trae una reflexi\u00f3n intensa, historias inspiradoras de santos, desaf\u00edos pr\u00e1cticos de fe e invitaciones personales para vivir una verdadera conversi\u00f3n de vida. Con temas que van desde el silencio de Mar\u00eda hasta su presencia en la Eucarist\u00eda, desde su fortaleza contra las tentaciones hasta su victoria en la cruz, cada p\u00e1gina enciende en el coraz\u00f3n del lector la certeza de que amar a Mar\u00eda es el camino m\u00e1s seguro, r\u00e1pido y dulce para llegar a Jes\u00fas.  Inspirado por la devoci\u00f3n de santos como San Juan Pablo II, Santa Teresa de Calcuta, San Maximiliano Kolbe y tantos otros, 30 D\u00edas con Mar\u00eda es una gu\u00eda espiritual para quienes desean m\u00e1s que rezar: desean pertenecer enteramente a Ella. Si ya ama a Nuestra Se\u00f1ora, este libro profundizar\u00e1 su amor. Si a\u00fan no la conoce, descubrir\u00e1 a una Madre que nunca abandona a sus hijos. Y si siente el coraz\u00f3n cansado, perdido o distra\u00eddo, Mar\u00eda \u2014a trav\u00e9s de estas p\u00e1ginas\u2014 vendr\u00e1 a su encuentro.  Acepte esta invitaci\u00f3n, camine treinta d\u00edas con Mar\u00eda y viva el resto de la vida con Ella.  Dise\u00f1os patentados y \u00fanicos;  Origen nacional. \u00a1EVANGELIZACI\u00d3N A TRAV\u00c9S DEL ARTE!\" \/>\n<meta property=\"og:url\" content=\"https:\/\/www.lojanoss.com.br\/es\/produto\/cartas-de-maria-envio-gratis-\u26a1\ufe0f-2\/\" \/>\n<meta property=\"og:site_name\" content=\"Loja N\u00f3ss\" \/>\n<meta property=\"og:image\" content=\"https:\/\/www.lojanoss.com.br\/wp-content\/uploads\/2025\/05\/Site-02-779x800.jpg\" \/>\n\t<meta property=\"og:image:width\" content=\"779\" \/>\n\t<meta property=\"og:image:height\" content=\"800\" \/>\n\t<meta property=\"og:image:type\" content=\"image\/jpeg\" \/>\n<meta name=\"twitter:card\" content=\"summary_large_image\" \/>\n<script type=\"application\/ld+json\" class=\"yoast-schema-graph\">{\"@context\":\"https:\\\/\\\/schema.org\",\"@graph\":[{\"@type\":\"WebPage\",\"@id\":\"https:\\\/\\\/www.lojanoss.com.br\\\/es\\\/produto\\\/cartas-de-maria-envio-gratis-%e2%9a%a1%ef%b8%8f-2\\\/\",\"url\":\"https:\\\/\\\/www.lojanoss.com.br\\\/es\\\/produto\\\/cartas-de-maria-envio-gratis-%e2%9a%a1%ef%b8%8f-2\\\/\",\"name\":\"CARTAS DE MAR\u00cdA - ENV\u00cdO GRATIS \u26a1\ufe0f - Loja N\u00f3ss\",\"isPartOf\":{\"@id\":\"https:\\\/\\\/www.lojanoss.com.br\\\/#website\"},\"primaryImageOfPage\":{\"@id\":\"https:\\\/\\\/www.lojanoss.com.br\\\/es\\\/produto\\\/cartas-de-maria-envio-gratis-%e2%9a%a1%ef%b8%8f-2\\\/#primaryimage\"},\"image\":{\"@id\":\"https:\\\/\\\/www.lojanoss.com.br\\\/es\\\/produto\\\/cartas-de-maria-envio-gratis-%e2%9a%a1%ef%b8%8f-2\\\/#primaryimage\"},\"thumbnailUrl\":\"https:\\\/\\\/www.lojanoss.com.br\\\/wp-content\\\/uploads\\\/2025\\\/05\\\/Site-02.jpg\",\"datePublished\":\"2025-05-12T12:15:08+00:00\",\"breadcrumb\":{\"@id\":\"https:\\\/\\\/www.lojanoss.com.br\\\/es\\\/produto\\\/cartas-de-maria-envio-gratis-%e2%9a%a1%ef%b8%8f-2\\\/#breadcrumb\"},\"inLanguage\":\"es\",\"potentialAction\":[{\"@type\":\"ReadAction\",\"target\":[\"https:\\\/\\\/www.lojanoss.com.br\\\/es\\\/produto\\\/cartas-de-maria-envio-gratis-%e2%9a%a1%ef%b8%8f-2\\\/\"]}]},{\"@type\":\"ImageObject\",\"inLanguage\":\"es\",\"@id\":\"https:\\\/\\\/www.lojanoss.com.br\\\/es\\\/produto\\\/cartas-de-maria-envio-gratis-%e2%9a%a1%ef%b8%8f-2\\\/#primaryimage\",\"url\":\"https:\\\/\\\/www.lojanoss.com.br\\\/wp-content\\\/uploads\\\/2025\\\/05\\\/Site-02.jpg\",\"contentUrl\":\"https:\\\/\\\/www.lojanoss.com.br\\\/wp-content\\\/uploads\\\/2025\\\/05\\\/Site-02.jpg\",\"width\":2157,\"height\":2215},{\"@type\":\"BreadcrumbList\",\"@id\":\"https:\\\/\\\/www.lojanoss.com.br\\\/es\\\/produto\\\/cartas-de-maria-envio-gratis-%e2%9a%a1%ef%b8%8f-2\\\/#breadcrumb\",\"itemListElement\":[{\"@type\":\"ListItem\",\"position\":1,\"name\":\"In\u00edcio\",\"item\":\"https:\\\/\\\/www.lojanoss.com.br\\\/es\\\/inicio\\\/\"},{\"@type\":\"ListItem\",\"position\":2,\"name\":\"Tienda\",\"item\":\"https:\\\/\\\/www.lojanoss.com.br\\\/es\\\/tienda\\\/\"},{\"@type\":\"ListItem\",\"position\":3,\"name\":\"CARTAS DE MAR\u00cdA &#8211; ENV\u00cdO GRATIS \u26a1\ufe0f\"}]},{\"@type\":\"WebSite\",\"@id\":\"https:\\\/\\\/www.lojanoss.com.br\\\/#website\",\"url\":\"https:\\\/\\\/www.lojanoss.com.br\\\/\",\"name\":\"Loja N\u00f3ss\",\"description\":\"A Loja mais Cat\u00f3lica do Brasil \u26a1\ufe0f\",\"potentialAction\":[{\"@type\":\"SearchAction\",\"target\":{\"@type\":\"EntryPoint\",\"urlTemplate\":\"https:\\\/\\\/www.lojanoss.com.br\\\/?s={search_term_string}\"},\"query-input\":{\"@type\":\"PropertyValueSpecification\",\"valueRequired\":true,\"valueName\":\"search_term_string\"}}],\"inLanguage\":\"es\"}]}<\/script>\n<!-- \/ Yoast SEO plugin. -->","yoast_head_json":{"title":"CARTAS DE MAR\u00cdA - ENV\u00cdO GRATIS \u26a1\ufe0f - Loja N\u00f3ss","robots":{"index":"index","follow":"follow","max-snippet":"max-snippet:-1","max-image-preview":"max-image-preview:large","max-video-preview":"max-video-preview:-1"},"canonical":"https:\/\/www.lojanoss.com.br\/es\/produto\/cartas-de-maria-envio-gratis-\u26a1\ufe0f-2\/","og_locale":"es_ES","og_type":"article","og_title":"CARTAS DE MAR\u00cdA - ENV\u00cdO GRATIS \u26a1\ufe0f - Loja N\u00f3ss","og_description":"Un viaje que cambiar\u00e1 su coraz\u00f3n. Un encuentro que transformar\u00e1 su vida. \"30 D\u00edas con Mar\u00eda\" no es solo un libro. Es una llamada.   Durante treinta y un encuentros profundos, ser\u00e1 guiado a trav\u00e9s de cartas escritas, en una experiencia \u00fanica de intimidad con la Madre de Dios. Cada d\u00eda trae una reflexi\u00f3n intensa, historias inspiradoras de santos, desaf\u00edos pr\u00e1cticos de fe e invitaciones personales para vivir una verdadera conversi\u00f3n de vida. Con temas que van desde el silencio de Mar\u00eda hasta su presencia en la Eucarist\u00eda, desde su fortaleza contra las tentaciones hasta su victoria en la cruz, cada p\u00e1gina enciende en el coraz\u00f3n del lector la certeza de que amar a Mar\u00eda es el camino m\u00e1s seguro, r\u00e1pido y dulce para llegar a Jes\u00fas.  Inspirado por la devoci\u00f3n de santos como San Juan Pablo II, Santa Teresa de Calcuta, San Maximiliano Kolbe y tantos otros, 30 D\u00edas con Mar\u00eda es una gu\u00eda espiritual para quienes desean m\u00e1s que rezar: desean pertenecer enteramente a Ella. Si ya ama a Nuestra Se\u00f1ora, este libro profundizar\u00e1 su amor. Si a\u00fan no la conoce, descubrir\u00e1 a una Madre que nunca abandona a sus hijos. Y si siente el coraz\u00f3n cansado, perdido o distra\u00eddo, Mar\u00eda \u2014a trav\u00e9s de estas p\u00e1ginas\u2014 vendr\u00e1 a su encuentro.  Acepte esta invitaci\u00f3n, camine treinta d\u00edas con Mar\u00eda y viva el resto de la vida con Ella.  Dise\u00f1os patentados y \u00fanicos;  Origen nacional. \u00a1EVANGELIZACI\u00d3N A TRAV\u00c9S DEL ARTE!","og_url":"https:\/\/www.lojanoss.com.br\/es\/produto\/cartas-de-maria-envio-gratis-\u26a1\ufe0f-2\/","og_site_name":"Loja N\u00f3ss","og_image":[{"width":779,"height":800,"url":"https:\/\/www.lojanoss.com.br\/wp-content\/uploads\/2025\/05\/Site-02-779x800.jpg","type":"image\/jpeg"}],"twitter_card":"summary_large_image","schema":{"@context":"https:\/\/schema.org","@graph":[{"@type":"WebPage","@id":"https:\/\/www.lojanoss.com.br\/es\/produto\/cartas-de-maria-envio-gratis-%e2%9a%a1%ef%b8%8f-2\/","url":"https:\/\/www.lojanoss.com.br\/es\/produto\/cartas-de-maria-envio-gratis-%e2%9a%a1%ef%b8%8f-2\/","name":"CARTAS DE MAR\u00cdA - ENV\u00cdO GRATIS \u26a1\ufe0f - Loja N\u00f3ss","isPartOf":{"@id":"https:\/\/www.lojanoss.com.br\/#website"},"primaryImageOfPage":{"@id":"https:\/\/www.lojanoss.com.br\/es\/produto\/cartas-de-maria-envio-gratis-%e2%9a%a1%ef%b8%8f-2\/#primaryimage"},"image":{"@id":"https:\/\/www.lojanoss.com.br\/es\/produto\/cartas-de-maria-envio-gratis-%e2%9a%a1%ef%b8%8f-2\/#primaryimage"},"thumbnailUrl":"https:\/\/www.lojanoss.com.br\/wp-content\/uploads\/2025\/05\/Site-02.jpg","datePublished":"2025-05-12T12:15:08+00:00","breadcrumb":{"@id":"https:\/\/www.lojanoss.com.br\/es\/produto\/cartas-de-maria-envio-gratis-%e2%9a%a1%ef%b8%8f-2\/#breadcrumb"},"inLanguage":"es","potentialAction":[{"@type":"ReadAction","target":["https:\/\/www.lojanoss.com.br\/es\/produto\/cartas-de-maria-envio-gratis-%e2%9a%a1%ef%b8%8f-2\/"]}]},{"@type":"ImageObject","inLanguage":"es","@id":"https:\/\/www.lojanoss.com.br\/es\/produto\/cartas-de-maria-envio-gratis-%e2%9a%a1%ef%b8%8f-2\/#primaryimage","url":"https:\/\/www.lojanoss.com.br\/wp-content\/uploads\/2025\/05\/Site-02.jpg","contentUrl":"https:\/\/www.lojanoss.com.br\/wp-content\/uploads\/2025\/05\/Site-02.jpg","width":2157,"height":2215},{"@type":"BreadcrumbList","@id":"https:\/\/www.lojanoss.com.br\/es\/produto\/cartas-de-maria-envio-gratis-%e2%9a%a1%ef%b8%8f-2\/#breadcrumb","itemListElement":[{"@type":"ListItem","position":1,"name":"In\u00edcio","item":"https:\/\/www.lojanoss.com.br\/es\/inicio\/"},{"@type":"ListItem","position":2,"name":"Tienda","item":"https:\/\/www.lojanoss.com.br\/es\/tienda\/"},{"@type":"ListItem","position":3,"name":"CARTAS DE MAR\u00cdA &#8211; ENV\u00cdO GRATIS \u26a1\ufe0f"}]},{"@type":"WebSite","@id":"https:\/\/www.lojanoss.com.br\/#website","url":"https:\/\/www.lojanoss.com.br\/","name":"Loja N\u00f3ss","description":"A Loja mais Cat\u00f3lica do Brasil \u26a1\ufe0f","potentialAction":[{"@type":"SearchAction","target":{"@type":"EntryPoint","urlTemplate":"https:\/\/www.lojanoss.com.br\/?s={search_term_string}"},"query-input":{"@type":"PropertyValueSpecification","valueRequired":true,"valueName":"search_term_string"}}],"inLanguage":"es"}]}},"_links":{"self":[{"href":"https:\/\/www.lojanoss.com.br\/es\/wp-json\/wp\/v2\/product\/28646","targetHints":{"allow":["GET"]}}],"collection":[{"href":"https:\/\/www.lojanoss.com.br\/es\/wp-json\/wp\/v2\/product"}],"about":[{"href":"https:\/\/www.lojanoss.com.br\/es\/wp-json\/wp\/v2\/types\/product"}],"replies":[{"embeddable":true,"href":"https:\/\/www.lojanoss.com.br\/es\/wp-json\/wp\/v2\/comments?post=28646"}],"version-history":[{"count":0,"href":"https:\/\/www.lojanoss.com.br\/es\/wp-json\/wp\/v2\/product\/28646\/revisions"}],"wp:featuredmedia":[{"embeddable":true,"href":"https:\/\/www.lojanoss.com.br\/es\/wp-json\/wp\/v2\/media\/23485"}],"wp:attachment":[{"href":"https:\/\/www.lojanoss.com.br\/es\/wp-json\/wp\/v2\/media?parent=28646"}],"wp:term":[{"taxonomy":"product_brand","embeddable":true,"href":"https:\/\/www.lojanoss.com.br\/es\/wp-json\/wp\/v2\/product_brand?post=28646"},{"taxonomy":"product_cat","embeddable":true,"href":"https:\/\/www.lojanoss.com.br\/es\/wp-json\/wp\/v2\/product_cat?post=28646"},{"taxonomy":"product_tag","embeddable":true,"href":"https:\/\/www.lojanoss.com.br\/es\/wp-json\/wp\/v2\/product_tag?post=28646"}],"curies":[{"name":"wp","href":"https:\/\/api.w.org\/{rel}","templated":true}]}}