{"id":26980,"date":"2025-05-12T08:53:17","date_gmt":"2025-05-12T11:53:17","guid":{"rendered":"https:\/\/www.lojanoss.com.br\/produto\/ns-das-gracas-envio-gratis-%e2%9a%a1%ef%b8%8f\/"},"modified":"2025-05-12T08:53:17","modified_gmt":"2025-05-12T11:53:17","slug":"ns-das-gracas-envio-gratis-%e2%9a%a1%ef%b8%8f","status":"publish","type":"product","link":"https:\/\/www.lojanoss.com.br\/es\/produto\/ns-das-gracas-envio-gratis-%e2%9a%a1%ef%b8%8f\/","title":{"rendered":"NS DAS GRA\u00c7AS &#8211; ENV\u00cdO GRATIS \u26a1\ufe0f"},"content":{"rendered":"","protected":false},"excerpt":{"rendered":"<ul>\n<li>Composici\u00f3n: acero inoxidable con sellado de silicona, libre de BPA, con aislamiento al vac\u00edo;<\/li>\n<li>Dise\u00f1os patentados y exclusivos en adhesivos termoadhesivos;<\/li>\n<li>Mantiene la bebida fr\u00eda hasta 9 horas y caliente hasta 7 horas;<\/li>\n<li>Origen nacional.<\/li>\n<\/ul>\n<p>\u00a1EVANGELIZACI\u00d3N A TRAV\u00c9S DEL ARTE!<\/p>\n","protected":false},"featured_media":31227,"comment_status":"open","ping_status":"closed","template":"","meta":{"_acf_changed":false,"_joinchat":[]},"product_brand":[],"product_cat":[361],"product_tag":[],"class_list":{"0":"post-26980","1":"product","2":"type-product","3":"status-publish","4":"has-post-thumbnail","6":"product_cat-botellas-termicas","8":"first","9":"instock","10":"shipping-taxable","11":"purchasable","12":"product-type-variable"},"acf":[],"yoast_head":"<!-- This site is optimized with the Yoast SEO plugin v27.3 - https:\/\/yoast.com\/product\/yoast-seo-wordpress\/ -->\n<title>NS DAS GRA\u00c7AS - ENV\u00cdO GRATIS \u26a1\ufe0f - Loja N\u00f3ss<\/title>\n<meta name=\"robots\" content=\"index, follow, max-snippet:-1, max-image-preview:large, max-video-preview:-1\" \/>\n<link rel=\"canonical\" href=\"https:\/\/www.lojanoss.com.br\/es\/produto\/ns-das-gracas-envio-gratis-\u26a1\ufe0f\/\" \/>\n<meta property=\"og:locale\" content=\"es_ES\" \/>\n<meta property=\"og:type\" content=\"article\" \/>\n<meta property=\"og:title\" content=\"NS DAS GRA\u00c7AS - ENV\u00cdO GRATIS \u26a1\ufe0f - Loja N\u00f3ss\" \/>\n<meta property=\"og:description\" content=\"Composici\u00f3n: acero inoxidable con sellado de silicona, libre de BPA, con aislamiento al vac\u00edo;  Dise\u00f1os patentados y exclusivos en adhesivos termoadhesivos;  Mantiene la bebida fr\u00eda hasta 9 horas y caliente hasta 7 horas;  Origen nacional. \u00a1EVANGELIZACI\u00d3N A TRAV\u00c9S DEL ARTE!\" \/>\n<meta property=\"og:url\" content=\"https:\/\/www.lojanoss.com.br\/es\/produto\/ns-das-gracas-envio-gratis-\u26a1\ufe0f\/\" \/>\n<meta property=\"og:site_name\" content=\"Loja N\u00f3ss\" \/>\n<meta property=\"og:image\" content=\"https:\/\/www.lojanoss.com.br\/wp-content\/uploads\/2025\/05\/Totus.jpg\" \/>\n\t<meta property=\"og:image:width\" content=\"1500\" \/>\n\t<meta property=\"og:image:height\" content=\"1500\" \/>\n\t<meta property=\"og:image:type\" content=\"image\/jpeg\" \/>\n<meta name=\"twitter:card\" content=\"summary_large_image\" \/>\n<script type=\"application\/ld+json\" class=\"yoast-schema-graph\">{\"@context\":\"https:\\\/\\\/schema.org\",\"@graph\":[{\"@type\":\"WebPage\",\"@id\":\"https:\\\/\\\/www.lojanoss.com.br\\\/es\\\/produto\\\/ns-das-gracas-envio-gratis-%e2%9a%a1%ef%b8%8f\\\/\",\"url\":\"https:\\\/\\\/www.lojanoss.com.br\\\/es\\\/produto\\\/ns-das-gracas-envio-gratis-%e2%9a%a1%ef%b8%8f\\\/\",\"name\":\"NS DAS GRA\u00c7AS - ENV\u00cdO GRATIS \u26a1\ufe0f - Loja N\u00f3ss\",\"isPartOf\":{\"@id\":\"https:\\\/\\\/www.lojanoss.com.br\\\/#website\"},\"primaryImageOfPage\":{\"@id\":\"https:\\\/\\\/www.lojanoss.com.br\\\/es\\\/produto\\\/ns-das-gracas-envio-gratis-%e2%9a%a1%ef%b8%8f\\\/#primaryimage\"},\"image\":{\"@id\":\"https:\\\/\\\/www.lojanoss.com.br\\\/es\\\/produto\\\/ns-das-gracas-envio-gratis-%e2%9a%a1%ef%b8%8f\\\/#primaryimage\"},\"thumbnailUrl\":\"https:\\\/\\\/www.lojanoss.com.br\\\/wp-content\\\/uploads\\\/2025\\\/05\\\/IMG_1396-scaled.jpg\",\"datePublished\":\"2025-05-12T11:53:17+00:00\",\"breadcrumb\":{\"@id\":\"https:\\\/\\\/www.lojanoss.com.br\\\/es\\\/produto\\\/ns-das-gracas-envio-gratis-%e2%9a%a1%ef%b8%8f\\\/#breadcrumb\"},\"inLanguage\":\"es\",\"potentialAction\":[{\"@type\":\"ReadAction\",\"target\":[\"https:\\\/\\\/www.lojanoss.com.br\\\/es\\\/produto\\\/ns-das-gracas-envio-gratis-%e2%9a%a1%ef%b8%8f\\\/\"]}]},{\"@type\":\"ImageObject\",\"inLanguage\":\"es\",\"@id\":\"https:\\\/\\\/www.lojanoss.com.br\\\/es\\\/produto\\\/ns-das-gracas-envio-gratis-%e2%9a%a1%ef%b8%8f\\\/#primaryimage\",\"url\":\"https:\\\/\\\/www.lojanoss.com.br\\\/wp-content\\\/uploads\\\/2025\\\/05\\\/IMG_1396-scaled.jpg\",\"contentUrl\":\"https:\\\/\\\/www.lojanoss.com.br\\\/wp-content\\\/uploads\\\/2025\\\/05\\\/IMG_1396-scaled.jpg\",\"width\":2560,\"height\":2560},{\"@type\":\"BreadcrumbList\",\"@id\":\"https:\\\/\\\/www.lojanoss.com.br\\\/es\\\/produto\\\/ns-das-gracas-envio-gratis-%e2%9a%a1%ef%b8%8f\\\/#breadcrumb\",\"itemListElement\":[{\"@type\":\"ListItem\",\"position\":1,\"name\":\"In\u00edcio\",\"item\":\"https:\\\/\\\/www.lojanoss.com.br\\\/es\\\/inicio\\\/\"},{\"@type\":\"ListItem\",\"position\":2,\"name\":\"Tienda\",\"item\":\"https:\\\/\\\/www.lojanoss.com.br\\\/es\\\/tienda\\\/\"},{\"@type\":\"ListItem\",\"position\":3,\"name\":\"NS DAS GRA\u00c7AS &#8211; ENV\u00cdO GRATIS \u26a1\ufe0f\"}]},{\"@type\":\"WebSite\",\"@id\":\"https:\\\/\\\/www.lojanoss.com.br\\\/#website\",\"url\":\"https:\\\/\\\/www.lojanoss.com.br\\\/\",\"name\":\"Loja N\u00f3ss\",\"description\":\"A Loja mais Cat\u00f3lica do Brasil \u26a1\ufe0f\",\"potentialAction\":[{\"@type\":\"SearchAction\",\"target\":{\"@type\":\"EntryPoint\",\"urlTemplate\":\"https:\\\/\\\/www.lojanoss.com.br\\\/?s={search_term_string}\"},\"query-input\":{\"@type\":\"PropertyValueSpecification\",\"valueRequired\":true,\"valueName\":\"search_term_string\"}}],\"inLanguage\":\"es\"}]}<\/script>\n<!-- \/ Yoast SEO plugin. -->","yoast_head_json":{"title":"NS DAS GRA\u00c7AS - ENV\u00cdO GRATIS \u26a1\ufe0f - Loja N\u00f3ss","robots":{"index":"index","follow":"follow","max-snippet":"max-snippet:-1","max-image-preview":"max-image-preview:large","max-video-preview":"max-video-preview:-1"},"canonical":"https:\/\/www.lojanoss.com.br\/es\/produto\/ns-das-gracas-envio-gratis-\u26a1\ufe0f\/","og_locale":"es_ES","og_type":"article","og_title":"NS DAS GRA\u00c7AS - ENV\u00cdO GRATIS \u26a1\ufe0f - Loja N\u00f3ss","og_description":"Composici\u00f3n: acero inoxidable con sellado de silicona, libre de BPA, con aislamiento al vac\u00edo;  Dise\u00f1os patentados y exclusivos en adhesivos termoadhesivos;  Mantiene la bebida fr\u00eda hasta 9 horas y caliente hasta 7 horas;  Origen nacional. \u00a1EVANGELIZACI\u00d3N A TRAV\u00c9S DEL ARTE!","og_url":"https:\/\/www.lojanoss.com.br\/es\/produto\/ns-das-gracas-envio-gratis-\u26a1\ufe0f\/","og_site_name":"Loja N\u00f3ss","og_image":[{"width":1500,"height":1500,"url":"https:\/\/www.lojanoss.com.br\/wp-content\/uploads\/2025\/05\/Totus.jpg","type":"image\/jpeg"}],"twitter_card":"summary_large_image","schema":{"@context":"https:\/\/schema.org","@graph":[{"@type":"WebPage","@id":"https:\/\/www.lojanoss.com.br\/es\/produto\/ns-das-gracas-envio-gratis-%e2%9a%a1%ef%b8%8f\/","url":"https:\/\/www.lojanoss.com.br\/es\/produto\/ns-das-gracas-envio-gratis-%e2%9a%a1%ef%b8%8f\/","name":"NS DAS GRA\u00c7AS - ENV\u00cdO GRATIS \u26a1\ufe0f - Loja N\u00f3ss","isPartOf":{"@id":"https:\/\/www.lojanoss.com.br\/#website"},"primaryImageOfPage":{"@id":"https:\/\/www.lojanoss.com.br\/es\/produto\/ns-das-gracas-envio-gratis-%e2%9a%a1%ef%b8%8f\/#primaryimage"},"image":{"@id":"https:\/\/www.lojanoss.com.br\/es\/produto\/ns-das-gracas-envio-gratis-%e2%9a%a1%ef%b8%8f\/#primaryimage"},"thumbnailUrl":"https:\/\/www.lojanoss.com.br\/wp-content\/uploads\/2025\/05\/IMG_1396-scaled.jpg","datePublished":"2025-05-12T11:53:17+00:00","breadcrumb":{"@id":"https:\/\/www.lojanoss.com.br\/es\/produto\/ns-das-gracas-envio-gratis-%e2%9a%a1%ef%b8%8f\/#breadcrumb"},"inLanguage":"es","potentialAction":[{"@type":"ReadAction","target":["https:\/\/www.lojanoss.com.br\/es\/produto\/ns-das-gracas-envio-gratis-%e2%9a%a1%ef%b8%8f\/"]}]},{"@type":"ImageObject","inLanguage":"es","@id":"https:\/\/www.lojanoss.com.br\/es\/produto\/ns-das-gracas-envio-gratis-%e2%9a%a1%ef%b8%8f\/#primaryimage","url":"https:\/\/www.lojanoss.com.br\/wp-content\/uploads\/2025\/05\/IMG_1396-scaled.jpg","contentUrl":"https:\/\/www.lojanoss.com.br\/wp-content\/uploads\/2025\/05\/IMG_1396-scaled.jpg","width":2560,"height":2560},{"@type":"BreadcrumbList","@id":"https:\/\/www.lojanoss.com.br\/es\/produto\/ns-das-gracas-envio-gratis-%e2%9a%a1%ef%b8%8f\/#breadcrumb","itemListElement":[{"@type":"ListItem","position":1,"name":"In\u00edcio","item":"https:\/\/www.lojanoss.com.br\/es\/inicio\/"},{"@type":"ListItem","position":2,"name":"Tienda","item":"https:\/\/www.lojanoss.com.br\/es\/tienda\/"},{"@type":"ListItem","position":3,"name":"NS DAS GRA\u00c7AS &#8211; ENV\u00cdO GRATIS \u26a1\ufe0f"}]},{"@type":"WebSite","@id":"https:\/\/www.lojanoss.com.br\/#website","url":"https:\/\/www.lojanoss.com.br\/","name":"Loja N\u00f3ss","description":"A Loja mais Cat\u00f3lica do Brasil \u26a1\ufe0f","potentialAction":[{"@type":"SearchAction","target":{"@type":"EntryPoint","urlTemplate":"https:\/\/www.lojanoss.com.br\/?s={search_term_string}"},"query-input":{"@type":"PropertyValueSpecification","valueRequired":true,"valueName":"search_term_string"}}],"inLanguage":"es"}]}},"_links":{"self":[{"href":"https:\/\/www.lojanoss.com.br\/es\/wp-json\/wp\/v2\/product\/26980","targetHints":{"allow":["GET"]}}],"collection":[{"href":"https:\/\/www.lojanoss.com.br\/es\/wp-json\/wp\/v2\/product"}],"about":[{"href":"https:\/\/www.lojanoss.com.br\/es\/wp-json\/wp\/v2\/types\/product"}],"replies":[{"embeddable":true,"href":"https:\/\/www.lojanoss.com.br\/es\/wp-json\/wp\/v2\/comments?post=26980"}],"version-history":[{"count":0,"href":"https:\/\/www.lojanoss.com.br\/es\/wp-json\/wp\/v2\/product\/26980\/revisions"}],"wp:featuredmedia":[{"embeddable":true,"href":"https:\/\/www.lojanoss.com.br\/es\/wp-json\/wp\/v2\/media\/31227"}],"wp:attachment":[{"href":"https:\/\/www.lojanoss.com.br\/es\/wp-json\/wp\/v2\/media?parent=26980"}],"wp:term":[{"taxonomy":"product_brand","embeddable":true,"href":"https:\/\/www.lojanoss.com.br\/es\/wp-json\/wp\/v2\/product_brand?post=26980"},{"taxonomy":"product_cat","embeddable":true,"href":"https:\/\/www.lojanoss.com.br\/es\/wp-json\/wp\/v2\/product_cat?post=26980"},{"taxonomy":"product_tag","embeddable":true,"href":"https:\/\/www.lojanoss.com.br\/es\/wp-json\/wp\/v2\/product_tag?post=26980"}],"curies":[{"name":"wp","href":"https:\/\/api.w.org\/{rel}","templated":true}]}}